{"id":3846,"date":"2021-06-01T06:01:29","date_gmt":"2021-06-01T06:01:29","guid":{"rendered":"https:\/\/www.d20boardgame.com\/?page_id=3846"},"modified":"2021-06-02T07:47:14","modified_gmt":"2021-06-02T07:47:14","slug":"ksl-rules","status":"publish","type":"page","link":"https:\/\/www.d20boardgame.com\/en\/keyforge-saigon-league\/ksl-rules\/","title":{"rendered":"Rules"},"content":{"rendered":"<div data-elementor-type=\"wp-page\" data-elementor-id=\"3846\" class=\"elementor elementor-3846\">\n\t\t\t\t\t\t\t\t\t<section class=\"elementor-section elementor-top-section elementor-element elementor-element-d59f131 elementor-section-boxed elementor-section-height-default elementor-section-height-default\" data-id=\"d59f131\" data-element_type=\"section\" data-settings=\"{&quot;background_background&quot;:&quot;gradient&quot;,&quot;_ha_eqh_enable&quot;:false}\">\n\t\t\t\t\t\t<div class=\"elementor-container elementor-column-gap-default\">\n\t\t\t\t\t<div class=\"elementor-column elementor-col-100 elementor-top-column elementor-element elementor-element-60ab9ad\" data-id=\"60ab9ad\" data-element_type=\"column\">\n\t\t\t<div class=\"elementor-widget-wrap elementor-element-populated\">\n\t\t\t\t\t\t\t\t<div class=\"elementor-element elementor-element-c2ec64e elementor-widget elementor-widget-image\" data-id=\"c2ec64e\" data-element_type=\"widget\" data-widget_type=\"image.default\">\n\t\t\t\t<div class=\"elementor-widget-container\">\n\t\t\t\t\t\t\t\t\t\t\t\t\t\t\t\t<a href=\"https:\/\/www.d20boardgame.com\/en\/keyforge-saigon-league\/\">\n\t\t\t\t\t\t\t<img decoding=\"async\" width=\"300\" height=\"223\" src=\"https:\/\/www.d20boardgame.com\/wp-content\/uploads\/2021\/06\/KSL-Logo-300x223.png\" class=\"attachment-medium size-medium wp-image-3838\" alt=\"\" srcset=\"https:\/\/www.d20boardgame.com\/wp-content\/uploads\/2021\/06\/KSL-Logo-300x223.png 300w, https:\/\/www.d20boardgame.com\/wp-content\/uploads\/2021\/06\/KSL-Logo-768x570.png 768w, https:\/\/www.d20boardgame.com\/wp-content\/uploads\/2021\/06\/KSL-Logo-1024x760.png 1024w, https:\/\/www.d20boardgame.com\/wp-content\/uploads\/2021\/06\/KSL-Logo-1536x1141.png 1536w, https:\/\/www.d20boardgame.com\/wp-content\/uploads\/2021\/06\/KSL-Logo-2048x1521.png 2048w, https:\/\/www.d20boardgame.com\/wp-content\/uploads\/2021\/06\/KSL-Logo-16x12.png 16w, https:\/\/www.d20boardgame.com\/wp-content\/uploads\/2021\/06\/KSL-Logo-600x446.png 600w\" sizes=\"(max-width: 300px) 100vw, 300px\" \/>\t\t\t\t\t\t\t\t<\/a>\n\t\t\t\t\t\t\t\t\t\t\t\t\t\t\t<\/div>\n\t\t\t\t<\/div>\n\t\t\t\t<div class=\"elementor-element elementor-element-a0fe16f elementor-widget elementor-widget-heading\" data-id=\"a0fe16f\" data-element_type=\"widget\" data-widget_type=\"heading.default\">\n\t\t\t\t<div class=\"elementor-widget-container\">\n\t\t\t<h2 class=\"elementor-heading-title elementor-size-default\">Lu\u1eadt<\/h2>\t\t<\/div>\n\t\t\t\t<\/div>\n\t\t\t\t<div class=\"elementor-element elementor-element-3822044 elementor-widget elementor-widget-text-editor\" data-id=\"3822044\" data-element_type=\"widget\" data-widget_type=\"text-editor.default\">\n\t\t\t\t<div class=\"elementor-widget-container\">\n\t\t\t\t\t\t\t<h2 style=\"color: #278098;\"><b>I &#8211; H\u00ecnh th\u1ee9c gi\u1ea3i \u0111\u1ea5u<\/b><\/h2>\n<!-- wp:paragraph -->\n<p>KSL s\u1ebd li\u00ean t\u1ee5c t\u1ed5 ch\u1ee9c c\u00e1c gi\u1ea3i \u0111\u1ea5u \u0111\u1ecbnh k\u1ef3 v\u00e0 m\u1ed7i chi\u1ebfn th\u1eafng\/m\u1ed7i gi\u1ea3i \u0111\u1ea5u \u0111\u1ec1u s\u1ebd \u0111em l\u1ea1i \u0111i\u1ec3m s\u1ed1. Sau \u0111\u00e2y s\u1ebd l\u00e0 ph\u00e2n lo\u1ea1i c\u00e1c gi\u1ea3i \u0111\u1ea5u c\u1ee7a KSL:<\/p>\n<!-- \/wp:paragraph -->\n<h3 style=\"color: #278098;\"><b>\u2003\u2003Gi\u1ea3i \u0111\u1ea5u gi\u1edbi h\u1ea1n<\/b><\/h3>\n<!-- wp:list -->\n<ul>\n<li>Bao g\u1ed3m c\u00e1c gi\u1ea3i d\u00e0nh ri\u00eang cho m\u1ed9t s\u1ed1 \u0111\u1ed1i t\u01b0\u1ee3ng ng\u01b0\u1eddi ch\u01a1i nh\u1ea5t \u0111\u1ecbnh (v\u00ed d\u1ee5 nh\u01b0 gi\u1ea3i d\u00e0nh cho ng\u01b0\u1eddi ch\u01a1i m\u1edbi).<\/li>\n<li>1 \u0111i\u1ec3m LP cho h\u1ea1ng nh\u1ea5t.<\/li>\n<li>Gi\u1ea3i kh\u00f4ng c\u00f3 quy m\u00f4 \u0111\u1ecbnh k\u1ef3.<\/li>\n<\/ul>\n<!-- \/wp:list -->\n<h3 style=\"color: #278098;\"><b>\u2003\u2003Gi\u1ea3i \u0111\u1ea5u kh\u00f4ng gi\u1edbi h\u1ea1n<\/b><\/h3>\n<!-- wp:list -->\n<ul>\n<li>Bao g\u1ed3m t\u1ea5t c\u1ea3 c\u00e1c gi\u1ea3i \u0111\u1ea5u th\u00e1ng \u0111\u01b0\u1ee3c t\u1ed5 ch\u1ee9c ch\u00ednh th\u1ee9c b\u1edfi KSL.<\/li>\n<li>1 \u0111i\u1ec3m LP cho m\u1ed7i tr\u1eadn th\u1eafng trong gi\u1ea3i.<\/li>\n<li>2 \u0111i\u1ec3m LP cho h\u1ea1ng nh\u1ea5t.<\/li>\n<li>Th\u1eddi gian t\u1ed5 ch\u1ee9c \u0111\u1ecbnh k\u1ef3 h\u00e0ng th\u00e1ng.<\/li>\n<\/ul>\n<!-- \/wp:list -->\n<h3 style=\"color: #278098;\"><b>\u2003\u2003Gi\u1ea3i \u0111\u1ea5u kh\u00e1ch m\u1eddi<\/b><\/h3>\n<!-- wp:list -->\n<ul>\n<li>Bao g\u1ed3m t\u1ea5t c\u1ea3 c\u00e1c gi\u1ea3i \u0111\u1ea5u qu\u00fd (m\u1ed7i 3 th\u00e1ng) \u0111\u01b0\u1ee3c t\u1ed5 ch\u1ee9c ch\u00ednh th\u1ee9c b\u1edfi KSL.<\/li>\n<li>1 \u0111i\u1ec3m LP cho m\u1ed7i tr\u1eadn th\u1eafng.<\/li>\n<li>2 \u0111i\u1ec3m LP cho h\u1ea1ng nh\u00ec.<\/li>\n<li>3 \u0111i\u1ec3m LP cho h\u1ea1ng nh\u1ea5t.<\/li>\n<li>Th\u1eddi gian t\u1ed5 ch\u1ee9c \u0111\u1ecbnh k\u1ef3 m\u1ed7i 3 th\u00e1ng.<\/li>\n<li>S\u1ebd lu\u00f4n c\u00f3 2 v\u00f2ng. V\u00f2ng lo\u1ea1i s\u1ebd di\u1ec5n ra tr\u01b0\u1edbc.<\/li>\n<\/ul>\n<!-- \/wp:list -->\n<h3 style=\"color: #278098;\"><b>\u2003\u2003Gi\u1ea3i k\u1ebft m\u00f9a<\/b><\/h3>\n<!-- wp:list -->\n<ul>\n<li>L\u00e0 gi\u1ea3i \u0111\u1ea5u t\u1ed5ng k\u1ebft m\u00f9a c\u1ee7a KSL.<\/li>\n<li>1 \u0111i\u1ec3m LP cho m\u1ed7i tr\u1eadn th\u1eafng.<\/li>\n<li>2 \u0111i\u1ec3m LP cho m\u1ed7i tr\u1eadn th\u1eafng v\u00f2ng trong.<\/li>\n<li>3 \u0111i\u1ec3m LP cho h\u1ea1ng nh\u00ec.<\/li>\n<li>4 \u0111i\u1ec3m LP cho h\u1ea1ng nh\u1ea5t.<\/li>\n<li>S\u1ebd t\u1ed5 ch\u1ee9c v\u00e0o cu\u1ed1i m\u00f9a. Lu\u00f4n bao g\u1ed3m \u00edt nh\u1ea5t 2 v\u00f2ng.<\/li>\n<\/ul>\n<!-- \/wp:list -->\n<h2 style=\"color: #278098;\"><b>II &#8211; \u0110i\u1ec3m th\u01b0\u1edfng<\/b><\/h2>\n<h3 style=\"color: #278098;\"><b>\u2003\u2003\u0110i\u1ec3m m\u00f9a<\/b><\/h3>\n<p>\u0110i\u1ec3m LP c\u1ee7a m\u00f9a s\u1ebd ch\u1ec9 c\u00f3 gi\u00e1 tr\u1ecb trong m\u00f9a c\u1ee7a n\u00f3. Gi\u00e1 tr\u1ecb c\u1ee7a LP bao g\u1ed3m:<\/p>\n<ul>\n<li>X\u1ebfp h\u1ea1ng ng\u01b0\u1eddi ch\u01a1i S\u00e0i G\u00f2n trong m\u00f9a.<\/li>\n<li>Top 4 ng\u01b0\u1eddi ch\u01a1i c\u00f3 LP cao nh\u1ea5t s\u1ebd lu\u00f4n \u0111\u01b0\u1ee3c tham gia v\u00e0o c\u00e1c gi\u1ea3i Invitation v\u00e0 End Season m\u00e0 kh\u00f4ng ph\u1ea3i \u0111\u1ea5u v\u00f2ng lo\u1ea1i.<\/li>\n<li>Top 4 ng\u01b0\u1eddi ch\u01a1i c\u00f3 LP cao nh\u1ea5t s\u1ebd lu\u00f4n \u0111\u01b0\u1ee3c tham gia tr\u1ef1c ti\u1ebfp v\u00e0o v\u00f2ng trong c\u00e1c gi\u1ea3i kh\u00e1c c\u00f3 KSL tham gia t\u1ed5 ch\u1ee9c.<\/li>\n<li>Top 2 ng\u01b0\u1eddi ch\u01a1i c\u00f3 LP cao nh\u1ea5t s\u1ebd \u0111\u01b0\u1ee3c t\u00e0i tr\u1ee3 \u0111\u1ec3 \u0111\u1ea5u c\u00e1c gi\u1ea3i \u0111\u1ea5u qu\u1ed1c t\u1ebf (bao g\u1ed3m ph\u00ed \u0111\u0103ng k\u00fd).<\/li>\n<\/ul>\n<p>\u0110i\u1ec3m m\u00f9a s\u1ebd tr\u1edf v\u1ec1 0 sau khi m\u00f9a k\u1ebft th\u00fac.<\/p>\n<h3 style=\"color: #278098;\"><b>\u2003\u2003\u0110i\u1ec3m l\u1ecbch s\u1eed<\/b><\/h3>\n<p>\u0110i\u1ec3m l\u1ecbch s\u1eed s\u1ebd kh\u00f4ng tr\u1ea3 l\u1ea1i \u1edf \u0111\u1ea7u m\u00f9a m\u00e0 ti\u1ebfp t\u1ee5c t\u00edch ti\u1ebfp s\u1ed1 LP \u0111\u00f3 v\u00e0o \u0111i\u1ec3m l\u1ecbch s\u1eed. \u0110i\u1ec3m l\u1ecbch s\u1eed kh\u00f4ng c\u00f3 gi\u00e1 tr\u1ecb g\u00ec ngo\u00e0i tr\u1eeb chuy\u1ec7n x\u1ebfp h\u1ea1ng ng\u01b0\u1eddi ch\u01a1i th\u00e0nh c\u00f4ng nh\u1ea5t trong l\u1ecbch s\u1eed Keyforge S\u00e0i G\u00f2n.<\/p>\n<h2 style=\"color: #278098;\"><b>III- Lu\u1eadt gi\u1ea3i \u0111\u1ea5u<\/b><\/h2>\n<!-- wp:paragraph -->\n<p>KSL s\u1eed d\u1ee5ng v\u00e0 tu\u00e2n th\u1ee7 theo m\u1ecdi lu\u1eadt ch\u00ednh th\u1ee9c c\u1ee7a Keyforge v\u00e0 c\u00e1c gi\u1ea3i \u0111\u1ea5u ch\u00ednh th\u1ee9c thu\u1ed9c v\u1ec1 Fantasy Flight Game. <br \/><a style=\"color: #278098;\" href=\"https:\/\/images-cdn.fantasyflightgames.com\/filer_public\/8c\/af\/8cafeca4-02c3-4990-bba1-ff9d3aa8f02a\/keyforge_rulebook_v14_reduced-compressed.pdf\" target=\"_blank\" rel=\"noopener\">\u2003-Lu\u1eadt game ch\u00ednh th\u1ee9c.<\/a> <br \/><a style=\"color: #278098;\" href=\"https:\/\/images-cdn.fantasyflightgames.com\/filer_public\/bf\/4d\/bf4db20f-92b7-4bdb-b1af-ba1dcb2fd435\/kf_tournament_regulations-compressed.pdf\" target=\"_blank\" rel=\"noopener\">\u2003-Lu\u1eadt gi\u1ea3i \u0111\u1ea5u ch\u00ednh th\u1ee9c.<\/a><\/p>\n<!-- \/wp:paragraph -->\t\t\t\t\t\t<\/div>\n\t\t\t\t<\/div>\n\t\t\t\t\t<\/div>\n\t\t<\/div>\n\t\t\t\t\t\t\t<\/div>\n\t\t<\/section>\n\t\t\t\t\t\t\t<\/div>","protected":false},"excerpt":{"rendered":"<p>Lu\u1eadt I &#8211; H\u00ecnh th\u1ee9c gi\u1ea3i \u0111\u1ea5u KSL s\u1ebd li\u00ean t\u1ee5c t\u1ed5 ch\u1ee9c c\u00e1c gi\u1ea3i \u0111\u1ea5u \u0111\u1ecbnh k\u1ef3 v\u00e0 m\u1ed7i [&hellip;]<\/p>","protected":false},"author":1,"featured_media":0,"parent":3804,"menu_order":0,"comment_status":"closed","ping_status":"closed","template":"","meta":{"_monsterinsights_skip_tracking":false,"_monsterinsights_sitenote_active":false,"_monsterinsights_sitenote_note":"","_monsterinsights_sitenote_category":0,"footnotes":""},"yoast_head":"<!-- This site is optimized with the Yoast SEO plugin v21.5 - https:\/\/yoast.com\/wordpress\/plugins\/seo\/ -->\n<title>Rules - d20 Board Game<\/title>\n<meta name=\"robots\" content=\"index, follow, max-snippet:-1, max-image-preview:large, max-video-preview:-1\" \/>\n<link rel=\"canonical\" href=\"https:\/\/www.d20boardgame.com\/en\/keyforge-saigon-league\/ksl-rules\/\" \/>\n<meta property=\"og:locale\" content=\"en_US\" \/>\n<meta property=\"og:type\" content=\"article\" \/>\n<meta property=\"og:title\" content=\"Rules - d20 Board Game\" \/>\n<meta property=\"og:description\" content=\"Lu\u1eadt I &#8211; H\u00ecnh th\u1ee9c gi\u1ea3i \u0111\u1ea5u KSL s\u1ebd li\u00ean t\u1ee5c t\u1ed5 ch\u1ee9c c\u00e1c gi\u1ea3i \u0111\u1ea5u \u0111\u1ecbnh k\u1ef3 v\u00e0 m\u1ed7i [&hellip;]\" \/>\n<meta property=\"og:url\" content=\"https:\/\/www.d20boardgame.com\/en\/keyforge-saigon-league\/ksl-rules\/\" \/>\n<meta property=\"og:site_name\" content=\"d20 Board Game\" \/>\n<meta property=\"article:publisher\" content=\"https:\/\/www.facebook.com\/d20boardgame\" \/>\n<meta property=\"article:modified_time\" content=\"2021-06-02T07:47:14+00:00\" \/>\n<meta property=\"og:image\" content=\"https:\/\/www.d20boardgame.com\/wp-content\/uploads\/2021\/06\/KSL-Logo-300x223.png\" \/>\n<meta name=\"twitter:card\" content=\"summary_large_image\" \/>\n<meta name=\"twitter:label1\" content=\"Est. reading time\" \/>\n\t<meta name=\"twitter:data1\" content=\"3 minutes\" \/>\n<script type=\"application\/ld+json\" class=\"yoast-schema-graph\">{\"@context\":\"https:\/\/schema.org\",\"@graph\":[{\"@type\":\"WebPage\",\"@id\":\"https:\/\/www.d20boardgame.com\/keyforge-saigon-league\/ksl-rules\/\",\"url\":\"https:\/\/www.d20boardgame.com\/keyforge-saigon-league\/ksl-rules\/\",\"name\":\"Rules - d20 Board Game\",\"isPartOf\":{\"@id\":\"https:\/\/www.d20boardgame.com\/#website\"},\"datePublished\":\"2021-06-01T06:01:29+00:00\",\"dateModified\":\"2021-06-02T07:47:14+00:00\",\"breadcrumb\":{\"@id\":\"https:\/\/www.d20boardgame.com\/keyforge-saigon-league\/ksl-rules\/#breadcrumb\"},\"inLanguage\":\"en-US\",\"potentialAction\":[{\"@type\":\"ReadAction\",\"target\":[\"https:\/\/www.d20boardgame.com\/keyforge-saigon-league\/ksl-rules\/\"]}]},{\"@type\":\"BreadcrumbList\",\"@id\":\"https:\/\/www.d20boardgame.com\/keyforge-saigon-league\/ksl-rules\/#breadcrumb\",\"itemListElement\":[{\"@type\":\"ListItem\",\"position\":1,\"name\":\"Home\",\"item\":\"https:\/\/www.d20boardgame.com\/\"},{\"@type\":\"ListItem\",\"position\":2,\"name\":\"KeyForge Saigon League\",\"item\":\"https:\/\/www.d20boardgame.com\/keyforge-saigon-league\/\"},{\"@type\":\"ListItem\",\"position\":3,\"name\":\"Rules\"}]},{\"@type\":\"WebSite\",\"@id\":\"https:\/\/www.d20boardgame.com\/#website\",\"url\":\"https:\/\/www.d20boardgame.com\/\",\"name\":\"d20 Board Game\",\"description\":\"For Boardgamers. By Boardgamers.\",\"publisher\":{\"@id\":\"https:\/\/www.d20boardgame.com\/#organization\"},\"potentialAction\":[{\"@type\":\"SearchAction\",\"target\":{\"@type\":\"EntryPoint\",\"urlTemplate\":\"https:\/\/www.d20boardgame.com\/?s={search_term_string}\"},\"query-input\":\"required name=search_term_string\"}],\"inLanguage\":\"en-US\"},{\"@type\":\"Organization\",\"@id\":\"https:\/\/www.d20boardgame.com\/#organization\",\"name\":\"d20 Board game\",\"url\":\"https:\/\/www.d20boardgame.com\/\",\"logo\":{\"@type\":\"ImageObject\",\"inLanguage\":\"en-US\",\"@id\":\"https:\/\/www.d20boardgame.com\/#\/schema\/logo\/image\/\",\"url\":\"https:\/\/www.d20boardgame.com\/wp-content\/uploads\/d20Logo\/logo-d20.png\",\"contentUrl\":\"https:\/\/www.d20boardgame.com\/wp-content\/uploads\/d20Logo\/logo-d20.png\",\"width\":2000,\"height\":2698,\"caption\":\"d20 Board game\"},\"image\":{\"@id\":\"https:\/\/www.d20boardgame.com\/#\/schema\/logo\/image\/\"},\"sameAs\":[\"https:\/\/www.facebook.com\/d20boardgame\",\"https:\/\/www.instagram.com\/d20_boardgame_cafe\/\",\"https:\/\/www.youtube.com\/channel\/UCqIRiYhgsnZ8vTRCSbM6pBA\"]}]}<\/script>\n<!-- \/ Yoast SEO plugin. -->","yoast_head_json":{"title":"Rules - d20 Board Game","robots":{"index":"index","follow":"follow","max-snippet":"max-snippet:-1","max-image-preview":"max-image-preview:large","max-video-preview":"max-video-preview:-1"},"canonical":"https:\/\/www.d20boardgame.com\/en\/keyforge-saigon-league\/ksl-rules\/","og_locale":"en_US","og_type":"article","og_title":"Rules - d20 Board Game","og_description":"Lu\u1eadt I &#8211; H\u00ecnh th\u1ee9c gi\u1ea3i \u0111\u1ea5u KSL s\u1ebd li\u00ean t\u1ee5c t\u1ed5 ch\u1ee9c c\u00e1c gi\u1ea3i \u0111\u1ea5u \u0111\u1ecbnh k\u1ef3 v\u00e0 m\u1ed7i [&hellip;]","og_url":"https:\/\/www.d20boardgame.com\/en\/keyforge-saigon-league\/ksl-rules\/","og_site_name":"d20 Board Game","article_publisher":"https:\/\/www.facebook.com\/d20boardgame","article_modified_time":"2021-06-02T07:47:14+00:00","og_image":[{"url":"https:\/\/www.d20boardgame.com\/wp-content\/uploads\/2021\/06\/KSL-Logo-300x223.png"}],"twitter_card":"summary_large_image","twitter_misc":{"Est. reading time":"3 minutes"},"schema":{"@context":"https:\/\/schema.org","@graph":[{"@type":"WebPage","@id":"https:\/\/www.d20boardgame.com\/keyforge-saigon-league\/ksl-rules\/","url":"https:\/\/www.d20boardgame.com\/keyforge-saigon-league\/ksl-rules\/","name":"Rules - d20 Board Game","isPartOf":{"@id":"https:\/\/www.d20boardgame.com\/#website"},"datePublished":"2021-06-01T06:01:29+00:00","dateModified":"2021-06-02T07:47:14+00:00","breadcrumb":{"@id":"https:\/\/www.d20boardgame.com\/keyforge-saigon-league\/ksl-rules\/#breadcrumb"},"inLanguage":"en-US","potentialAction":[{"@type":"ReadAction","target":["https:\/\/www.d20boardgame.com\/keyforge-saigon-league\/ksl-rules\/"]}]},{"@type":"BreadcrumbList","@id":"https:\/\/www.d20boardgame.com\/keyforge-saigon-league\/ksl-rules\/#breadcrumb","itemListElement":[{"@type":"ListItem","position":1,"name":"Home","item":"https:\/\/www.d20boardgame.com\/"},{"@type":"ListItem","position":2,"name":"KeyForge Saigon League","item":"https:\/\/www.d20boardgame.com\/keyforge-saigon-league\/"},{"@type":"ListItem","position":3,"name":"Rules"}]},{"@type":"WebSite","@id":"https:\/\/www.d20boardgame.com\/#website","url":"https:\/\/www.d20boardgame.com\/","name":"d20 Board Game","description":"For Boardgamers. By Boardgamers.","publisher":{"@id":"https:\/\/www.d20boardgame.com\/#organization"},"potentialAction":[{"@type":"SearchAction","target":{"@type":"EntryPoint","urlTemplate":"https:\/\/www.d20boardgame.com\/?s={search_term_string}"},"query-input":"required name=search_term_string"}],"inLanguage":"en-US"},{"@type":"Organization","@id":"https:\/\/www.d20boardgame.com\/#organization","name":"d20 Board game","url":"https:\/\/www.d20boardgame.com\/","logo":{"@type":"ImageObject","inLanguage":"en-US","@id":"https:\/\/www.d20boardgame.com\/#\/schema\/logo\/image\/","url":"https:\/\/www.d20boardgame.com\/wp-content\/uploads\/d20Logo\/logo-d20.png","contentUrl":"https:\/\/www.d20boardgame.com\/wp-content\/uploads\/d20Logo\/logo-d20.png","width":2000,"height":2698,"caption":"d20 Board game"},"image":{"@id":"https:\/\/www.d20boardgame.com\/#\/schema\/logo\/image\/"},"sameAs":["https:\/\/www.facebook.com\/d20boardgame","https:\/\/www.instagram.com\/d20_boardgame_cafe\/","https:\/\/www.youtube.com\/channel\/UCqIRiYhgsnZ8vTRCSbM6pBA"]}]}},"_links":{"self":[{"href":"https:\/\/www.d20boardgame.com\/en\/wp-json\/wp\/v2\/pages\/3846"}],"collection":[{"href":"https:\/\/www.d20boardgame.com\/en\/wp-json\/wp\/v2\/pages"}],"about":[{"href":"https:\/\/www.d20boardgame.com\/en\/wp-json\/wp\/v2\/types\/page"}],"author":[{"embeddable":true,"href":"https:\/\/www.d20boardgame.com\/en\/wp-json\/wp\/v2\/users\/1"}],"replies":[{"embeddable":true,"href":"https:\/\/www.d20boardgame.com\/en\/wp-json\/wp\/v2\/comments?post=3846"}],"version-history":[{"count":16,"href":"https:\/\/www.d20boardgame.com\/en\/wp-json\/wp\/v2\/pages\/3846\/revisions"}],"predecessor-version":[{"id":3966,"href":"https:\/\/www.d20boardgame.com\/en\/wp-json\/wp\/v2\/pages\/3846\/revisions\/3966"}],"up":[{"embeddable":true,"href":"https:\/\/www.d20boardgame.com\/en\/wp-json\/wp\/v2\/pages\/3804"}],"wp:attachment":[{"href":"https:\/\/www.d20boardgame.com\/en\/wp-json\/wp\/v2\/media?parent=3846"}],"curies":[{"name":"wp","href":"https:\/\/api.w.org\/{rel}","templated":true}]}}