{"id":2381,"date":"2020-09-18T17:25:04","date_gmt":"2020-09-18T17:25:04","guid":{"rendered":"http:\/\/d20boardgame.com\/?page_id=2381"},"modified":"2020-09-22T08:05:36","modified_gmt":"2020-09-22T08:05:36","slug":"career","status":"publish","type":"page","link":"https:\/\/www.d20boardgame.com\/en\/career\/","title":{"rendered":"Recruitment"},"content":{"rendered":"<div data-elementor-type=\"wp-page\" data-elementor-id=\"2381\" class=\"elementor elementor-2381\">\n\t\t\t\t\t\t\t\t\t<section class=\"elementor-section elementor-top-section elementor-element elementor-element-396b78a8 elementor-section-boxed elementor-section-height-default elementor-section-height-default\" data-id=\"396b78a8\" data-element_type=\"section\" data-settings=\"{&quot;_ha_eqh_enable&quot;:false}\">\n\t\t\t\t\t\t<div class=\"elementor-container elementor-column-gap-default\">\n\t\t\t\t\t<div class=\"elementor-column elementor-col-100 elementor-top-column elementor-element elementor-element-9c2110d\" data-id=\"9c2110d\" data-element_type=\"column\">\n\t\t\t<div class=\"elementor-widget-wrap elementor-element-populated\">\n\t\t\t\t\t\t\t\t<div class=\"elementor-element elementor-element-4d8574d elementor-widget elementor-widget-spacer\" data-id=\"4d8574d\" data-element_type=\"widget\" data-widget_type=\"spacer.default\">\n\t\t\t\t<div class=\"elementor-widget-container\">\n\t\t\t\t\t<div class=\"elementor-spacer\">\n\t\t\t<div class=\"elementor-spacer-inner\"><\/div>\n\t\t<\/div>\n\t\t\t\t<\/div>\n\t\t\t\t<\/div>\n\t\t\t\t<section class=\"elementor-section elementor-inner-section elementor-element elementor-element-af24174 elementor-section-boxed elementor-section-height-default elementor-section-height-default\" data-id=\"af24174\" data-element_type=\"section\" data-settings=\"{&quot;_ha_eqh_enable&quot;:false}\">\n\t\t\t\t\t\t<div class=\"elementor-container elementor-column-gap-default\">\n\t\t\t\t\t<div class=\"elementor-column elementor-col-50 elementor-inner-column elementor-element elementor-element-90afdf5\" data-id=\"90afdf5\" data-element_type=\"column\">\n\t\t\t<div class=\"elementor-widget-wrap elementor-element-populated\">\n\t\t\t\t\t\t\t\t<div class=\"elementor-element elementor-element-920a6bd elementor-widget elementor-widget-heading\" data-id=\"920a6bd\" data-element_type=\"widget\" data-widget_type=\"heading.default\">\n\t\t\t\t<div class=\"elementor-widget-container\">\n\t\t\t<h2 class=\"elementor-heading-title elementor-size-default\">Game Master<\/h2>\t\t<\/div>\n\t\t\t\t<\/div>\n\t\t\t\t<div class=\"elementor-element elementor-element-2957b4e elementor-widget elementor-widget-image\" data-id=\"2957b4e\" data-element_type=\"widget\" data-widget_type=\"image.default\">\n\t\t\t\t<div class=\"elementor-widget-container\">\n\t\t\t\t\t\t\t\t\t\t\t\t\t\t\t<img decoding=\"async\" width=\"724\" height=\"1024\" src=\"https:\/\/www.d20boardgame.com\/wp-content\/uploads\/2020\/09\/109115241_806037953263419_4072277925101744483_n-724x1024.jpg\" class=\"attachment-large size-large wp-image-2639\" alt=\"\" srcset=\"https:\/\/www.d20boardgame.com\/wp-content\/uploads\/2020\/09\/109115241_806037953263419_4072277925101744483_n-724x1024.jpg 724w, https:\/\/www.d20boardgame.com\/wp-content\/uploads\/2020\/09\/109115241_806037953263419_4072277925101744483_n-600x849.jpg 600w, https:\/\/www.d20boardgame.com\/wp-content\/uploads\/2020\/09\/109115241_806037953263419_4072277925101744483_n-212x300.jpg 212w, https:\/\/www.d20boardgame.com\/wp-content\/uploads\/2020\/09\/109115241_806037953263419_4072277925101744483_n-768x1087.jpg 768w, https:\/\/www.d20boardgame.com\/wp-content\/uploads\/2020\/09\/109115241_806037953263419_4072277925101744483_n.jpg 1000w\" sizes=\"(max-width: 724px) 100vw, 724px\" \/>\t\t\t\t\t\t\t\t\t\t\t\t\t\t\t<\/div>\n\t\t\t\t<\/div>\n\t\t\t\t\t<\/div>\n\t\t<\/div>\n\t\t\t\t<div class=\"elementor-column elementor-col-50 elementor-inner-column elementor-element elementor-element-2f54842\" data-id=\"2f54842\" data-element_type=\"column\">\n\t\t\t<div class=\"elementor-widget-wrap elementor-element-populated\">\n\t\t\t\t\t\t\t\t<div class=\"elementor-element elementor-element-11402df elementor-widget elementor-widget-text-editor\" data-id=\"11402df\" data-element_type=\"widget\" data-widget_type=\"text-editor.default\">\n\t\t\t\t<div class=\"elementor-widget-container\">\n\t\t\t\t\t\t\t<p>C\u00e1c b\u1ea1n c\u00f3 \u0111am m\u00ea ch\u01a1i board game? C\u00e1c b\u1ea1n \u0111ang c\u1ea7n ki\u1ebfm th\u00eam thu nh\u1eadp? C\u00e1c b\u1ea1n mu\u1ed1n t\u00ecm vi\u1ec7c l\u00e0m? Hay c\u00e1c b\u1ea1n c\u00f3 ni\u1ec1m \u0111am m\u00ea v\u00f4 t\u1eadn v\u1edbi vi\u1ec7c d\u1ecdn d\u1eb9p qu\u00e9t nh\u00e0 r\u1eeda b\u00e1t pha n\u01b0\u1edbc ph\u1ee5c v\u1ee5??? C\u00e1c b\u1ea1n qu\u00e1 m\u1ec7t m\u1ecfi v\u1edbi vi\u1ec7c l\u00e0m kh\u00e1ch c\u1ee7a d20 v\u00e0 tr\u1ea3 ti\u1ec1n cho ch\u00fang t\u00f4i???<\/p><p>\u0110\u00c2Y CH\u00cdNH L\u00c0 C\u01a0 H\u1ed8I NG\u00c0N N\u0102M C\u00d3 M\u1ed8T CHO C\u00c1C B\u1ea0N!!!<\/p><p>+++ NH\u00c2N VI\u00caN PH\u1ee4C V\u1ee4 \/ LEAD GAME +++<\/p><p>Th\u1eddi gian l\u00e0m vi\u1ec7c: theo ca linh \u0111\u1ed9ng, c\u00f3 r\u1ea5t nhi\u1ec1u ca \u0111a d\u1ea1ng cho c\u00e1c b\u1ea1n l\u1ef1a ch\u1ecdn. D\u1ec5 d\u00e0ng h\u01a1n so v\u1edbi vi\u1ec7c \u0111\u0103ng k\u00fd l\u1ecbch h\u1ecdc trong tr\u01b0\u1eddng c\u1ee7a b\u1ea1n!!!<\/p><p>&#8211; Ca 4 ti\u1ebfng trong tu\u1ea7n.<\/p><p>&#8211; V\u00e0 ca 4 ti\u1ebfng cu\u1ed1i tu\u1ea7n v\u1edbi gi\u00e1 l\u01b0\u01a1ng cao h\u01a1n!!!<\/p><p>M\u00f4 t\u1ea3 c\u00f4ng vi\u1ec7c:<\/p><p>&#8211; C\u00f4ng vi\u1ec7c ch\u00ednh l\u00e0 ph\u1ee5c v\u1ee5 cho kh\u00e1ch. Ngo\u00e0i ra ph\u1ee5 th\u00eam l\u00e0 lau d\u1ecdn, pha n\u01b0\u1edbc, d\u1eabn game,&#8230;<\/p><p>Y\u00eau c\u1ea7u:<\/p><p>&#8211; Nam \/ N\u1eef 18 tu\u1ed5i tr\u1edf l\u00ean.<\/p><p>&#8211; Bi\u1ebft ch\u01a1i boardgame l\u00e0 m\u1ed9t l\u1ee3i th\u1ebf.<\/p><p>&#8211; Bi\u1ebft ti\u1ebfng Anh l\u00e0 m\u1ed9t l\u1ee3i th\u1ebf.<\/p><p>&#8211; M\u1ed9t tu\u1ea7n t\u1ed1i thi\u1ec3u 5 ca.<\/p><p>&#8211; L\u00e0m \u0111\u01b0\u1ee3c v\u00e0o cu\u1ed1i tu\u1ea7n l\u00e0 \u0111i\u1ec1u ki\u1ec7n c\u1ea7n.<\/p><p>Quy\u1ec1n l\u1ee3i:<\/p><p>&#8211; L\u01b0\u01a1ng c\u01a1 b\u1ea3n 16.000 &#8211; 20.000 \u0111\u1ed3ng \/ gi\u1edd t\u00f9y theo n\u0103ng l\u1ef1c (li\u00ean quan \u0111\u1ebfn boardgame). \u0110\u00e1nh gi\u00e1 th\u00e0nh t\u00edch v\u00e0 t\u0103ng l\u01b0\u01a1ng \u0111\u1ecbnh k\u1ef3 theo th\u00e1ng.<\/p><p>&#8211; M\u00f4i tr\u01b0\u1eddng l\u00e0m vi\u1ec7c vui v\u1ebb, g\u1ea7n g\u0169i v\u1edbi gi\u1edbi board game. Trong th\u1eddi gian r\u1ea3nh c\u00f3 th\u1ec3 ch\u01a1i board game v\u1edbi nhau ho\u1eb7c v\u1edbi kh\u00e1ch.<\/p><p><!-- wp:paragraph --> <!-- \/wp:paragraph --> <!-- wp:paragraph --> <!-- \/wp:paragraph --> <!-- wp:paragraph --> <!-- \/wp:paragraph --> <!-- wp:paragraph --> <!-- \/wp:paragraph --> <!-- wp:paragraph --> <!-- \/wp:paragraph --> <!-- wp:paragraph --> <!-- \/wp:paragraph --> <!-- wp:paragraph --> <!-- \/wp:paragraph --> <!-- wp:paragraph --> <!-- \/wp:paragraph --> <!-- wp:paragraph --> <!-- \/wp:paragraph --> <!-- wp:paragraph --> <!-- \/wp:paragraph --> <!-- wp:paragraph --> <!-- \/wp:paragraph --> <!-- wp:paragraph --> <!-- \/wp:paragraph --> <!-- wp:paragraph --> <!-- \/wp:paragraph --> <!-- wp:paragraph --> <!-- \/wp:paragraph --> <!-- wp:paragraph --> <!-- \/wp:paragraph --> <!-- wp:paragraph --> <!-- \/wp:paragraph --> <!-- wp:paragraph --> <!-- \/wp:paragraph --> <!-- wp:paragraph --> <!-- \/wp:paragraph --><\/p><p>&#8211; N\u1ebfu ch\u01a1i game gi\u1ecfi ho\u1eb7c may m\u1eafn ho\u1eb7c c\u1ea3 hai s\u1ebd l\u00e0 \u0111\u01b0\u1eddng t\u1eaft th\u0103ng ti\u1ebfn c\u1ef1c nhanh!<\/p>\t\t\t\t\t\t<\/div>\n\t\t\t\t<\/div>\n\t\t\t\t<div class=\"elementor-element elementor-element-684863d elementor-widget elementor-widget-heading\" data-id=\"684863d\" data-element_type=\"widget\" data-widget_type=\"heading.default\">\n\t\t\t\t<div class=\"elementor-widget-container\">\n\t\t\t<h2 class=\"elementor-heading-title elementor-size-default\">Email: tuyendung@d20boardgame.com<\/h2>\t\t<\/div>\n\t\t\t\t<\/div>\n\t\t\t\t\t<\/div>\n\t\t<\/div>\n\t\t\t\t\t\t\t<\/div>\n\t\t<\/section>\n\t\t\t\t<div class=\"elementor-element elementor-element-40207d7 elementor-widget elementor-widget-spacer\" data-id=\"40207d7\" data-element_type=\"widget\" data-widget_type=\"spacer.default\">\n\t\t\t\t<div class=\"elementor-widget-container\">\n\t\t\t\t\t<div class=\"elementor-spacer\">\n\t\t\t<div class=\"elementor-spacer-inner\"><\/div>\n\t\t<\/div>\n\t\t\t\t<\/div>\n\t\t\t\t<\/div>\n\t\t\t\t\t<\/div>\n\t\t<\/div>\n\t\t\t\t\t\t\t<\/div>\n\t\t<\/section>\n\t\t\t\t<section class=\"elementor-section elementor-top-section elementor-element elementor-element-0656903 elementor-section-boxed elementor-section-height-default elementor-section-height-default\" data-id=\"0656903\" data-element_type=\"section\" data-settings=\"{&quot;_ha_eqh_enable&quot;:false}\">\n\t\t\t\t\t\t<div class=\"elementor-container elementor-column-gap-default\">\n\t\t\t\t\t<div class=\"elementor-column elementor-col-100 elementor-top-column elementor-element elementor-element-dd7645d\" data-id=\"dd7645d\" data-element_type=\"column\">\n\t\t\t<div class=\"elementor-widget-wrap elementor-element-populated\">\n\t\t\t\t\t\t\t\t<div class=\"elementor-element elementor-element-2d2c19e elementor-widget elementor-widget-spacer\" data-id=\"2d2c19e\" data-element_type=\"widget\" data-widget_type=\"spacer.default\">\n\t\t\t\t<div class=\"elementor-widget-container\">\n\t\t\t\t\t<div class=\"elementor-spacer\">\n\t\t\t<div class=\"elementor-spacer-inner\"><\/div>\n\t\t<\/div>\n\t\t\t\t<\/div>\n\t\t\t\t<\/div>\n\t\t\t\t<section class=\"elementor-section elementor-inner-section elementor-element elementor-element-b5a2228 elementor-section-boxed elementor-section-height-default elementor-section-height-default\" data-id=\"b5a2228\" data-element_type=\"section\" data-settings=\"{&quot;_ha_eqh_enable&quot;:false}\">\n\t\t\t\t\t\t<div class=\"elementor-container elementor-column-gap-default\">\n\t\t\t\t\t<div class=\"elementor-column elementor-col-50 elementor-inner-column elementor-element elementor-element-189c570\" data-id=\"189c570\" data-element_type=\"column\">\n\t\t\t<div class=\"elementor-widget-wrap elementor-element-populated\">\n\t\t\t\t\t\t\t\t<div class=\"elementor-element elementor-element-47c40bd elementor-widget elementor-widget-heading\" data-id=\"47c40bd\" data-element_type=\"widget\" data-widget_type=\"heading.default\">\n\t\t\t\t<div class=\"elementor-widget-container\">\n\t\t\t<h2 class=\"elementor-heading-title elementor-size-default\">Sales B\u00e1n Game<\/h2>\t\t<\/div>\n\t\t\t\t<\/div>\n\t\t\t\t<div class=\"elementor-element elementor-element-305be0d elementor-widget elementor-widget-image\" data-id=\"305be0d\" data-element_type=\"widget\" data-widget_type=\"image.default\">\n\t\t\t\t<div class=\"elementor-widget-container\">\n\t\t\t\t\t\t\t\t\t\t\t\t\t\t\t<img decoding=\"async\" width=\"1024\" height=\"1024\" src=\"https:\/\/www.d20boardgame.com\/wp-content\/uploads\/2020\/09\/1500x1500-Sales-1024x1024.png\" class=\"attachment-large size-large wp-image-2778\" alt=\"Career-Sale\" srcset=\"https:\/\/www.d20boardgame.com\/wp-content\/uploads\/2020\/09\/1500x1500-Sales-1024x1024.png 1024w, https:\/\/www.d20boardgame.com\/wp-content\/uploads\/2020\/09\/1500x1500-Sales-300x300.png 300w, https:\/\/www.d20boardgame.com\/wp-content\/uploads\/2020\/09\/1500x1500-Sales-100x100.png 100w, https:\/\/www.d20boardgame.com\/wp-content\/uploads\/2020\/09\/1500x1500-Sales-600x600.png 600w, https:\/\/www.d20boardgame.com\/wp-content\/uploads\/2020\/09\/1500x1500-Sales-150x150.png 150w, https:\/\/www.d20boardgame.com\/wp-content\/uploads\/2020\/09\/1500x1500-Sales-768x768.png 768w, https:\/\/www.d20boardgame.com\/wp-content\/uploads\/2020\/09\/1500x1500-Sales.png 1500w\" sizes=\"(max-width: 1024px) 100vw, 1024px\" \/>\t\t\t\t\t\t\t\t\t\t\t\t\t\t\t<\/div>\n\t\t\t\t<\/div>\n\t\t\t\t\t<\/div>\n\t\t<\/div>\n\t\t\t\t<div class=\"elementor-column elementor-col-50 elementor-inner-column elementor-element elementor-element-a740a5a\" data-id=\"a740a5a\" data-element_type=\"column\">\n\t\t\t<div class=\"elementor-widget-wrap elementor-element-populated\">\n\t\t\t\t\t\t\t\t<div class=\"elementor-element elementor-element-b2f0ca4 elementor-widget elementor-widget-text-editor\" data-id=\"b2f0ca4\" data-element_type=\"widget\" data-widget_type=\"text-editor.default\">\n\t\t\t\t<div class=\"elementor-widget-container\">\n\t\t\t\t\t\t\t<p>\u0110\u1ec3 chu\u1ea9n b\u1ecb cho nh\u1eefng d\u1ef1 \u00e1n s\u1eafp t\u1edbi, d20 c\u1ea7n tuy\u1ec3n:<\/p><p>SALES B\u00c1N GAME<\/p><p>Th\u1eddi gian l\u00e0m vi\u1ec7c: C\u00f3 th\u1ec3 \u0111\u01b0\u1ee3c ch\u1ecdn gi\u1eefa l\u00e0m full-time v\u00e0 l\u00e0m t\u1ea1i nh\u00e0.<\/p><p>M\u00f4 t\u1ea3 c\u00f4ng vi\u1ec7c:<\/p><p>&#8211; Ph\u1ee5 tr\u00e1ch b\u00e1n game v\u00e0 c\u00e1c m\u1eb7t h\u00e0ng kh\u00e1c c\u1ee7a d20.&nbsp;<\/p><p>Y\u00eau c\u1ea7u:<\/p><p>&#8211; Nam\/n\u1eef t\u1eeb 18 tu\u1ed5i tr\u1edf l\u00ean.<\/p><p>&#8211; C\u00f3 kinh nghi\u1ec7m b\u00e1n h\u00e0ng l\u00e0 m\u1ed9t l\u1ee3i th\u1ebf.<\/p><p>&#8211; C\u00f3 kinh nghi\u1ec7m ch\u01a1i board game \u00edt nh\u1ea5t 1 n\u0103m. Ch\u01a1i nhi\u1ec1u l\u00e0 l\u1ee3i th\u1ebf.&nbsp;<\/p><p>&#8211; Bi\u1ebft ti\u1ebfng Anh.&nbsp;<\/p><p>&#8211; C\u00f3 m\u00e1y vi t\u00ednh ho\u1eb7c \u0111i\u1ec7n tho\u1ea1i th\u00f4ng minh c\u00f3 th\u1ec3 c\u1eadp nh\u1eadt internet th\u01b0\u1eddng xuy\u00ean.<\/p><p>Quy\u1ec1n l\u1ee3i:&nbsp;<\/p><p>&#8211; L\u01b0\u01a1ng t\u00f9y theo l\u00e0m full-time hay t\u1ea1i nh\u00e0. Th\u1ecfa thu\u1eadn.&nbsp;<\/p><p>&#8211; C\u00f3 \u0111i\u1ec1u ki\u1ec7n l\u00e0m trong m\u00f4i tr\u01b0\u1eddng chuy\u00ean nghi\u1ec7p v\u1ec1 board game.<\/p><p><br><\/p>\t\t\t\t\t\t<\/div>\n\t\t\t\t<\/div>\n\t\t\t\t<div class=\"elementor-element elementor-element-1e400a1 elementor-widget elementor-widget-heading\" data-id=\"1e400a1\" data-element_type=\"widget\" data-widget_type=\"heading.default\">\n\t\t\t\t<div class=\"elementor-widget-container\">\n\t\t\t<h2 class=\"elementor-heading-title elementor-size-default\">Email: tuyendung@d20boardgame.com<\/h2>\t\t<\/div>\n\t\t\t\t<\/div>\n\t\t\t\t\t<\/div>\n\t\t<\/div>\n\t\t\t\t\t\t\t<\/div>\n\t\t<\/section>\n\t\t\t\t<div class=\"elementor-element elementor-element-bd2d3c2 elementor-widget elementor-widget-spacer\" data-id=\"bd2d3c2\" data-element_type=\"widget\" data-widget_type=\"spacer.default\">\n\t\t\t\t<div class=\"elementor-widget-container\">\n\t\t\t\t\t<div class=\"elementor-spacer\">\n\t\t\t<div class=\"elementor-spacer-inner\"><\/div>\n\t\t<\/div>\n\t\t\t\t<\/div>\n\t\t\t\t<\/div>\n\t\t\t\t\t<\/div>\n\t\t<\/div>\n\t\t\t\t\t\t\t<\/div>\n\t\t<\/section>\n\t\t\t\t\t\t\t<\/div>","protected":false},"excerpt":{"rendered":"<p>Game Master C\u00e1c b\u1ea1n c\u00f3 \u0111am m\u00ea ch\u01a1i board game? C\u00e1c b\u1ea1n \u0111ang c\u1ea7n ki\u1ebfm th\u00eam thu nh\u1eadp? C\u00e1c b\u1ea1n [&hellip;]<\/p>","protected":false},"author":1,"featured_media":2786,"parent":0,"menu_order":0,"comment_status":"closed","ping_status":"closed","template":"elementor_header_footer","meta":{"_monsterinsights_skip_tracking":false,"_monsterinsights_sitenote_active":false,"_monsterinsights_sitenote_note":"","_monsterinsights_sitenote_category":0,"footnotes":""},"yoast_head":"<!-- This site is optimized with the Yoast SEO plugin v21.5 - https:\/\/yoast.com\/wordpress\/plugins\/seo\/ -->\n<title>Tuy\u1ec3n d\u1ee5ng - d20 Board Game<\/title>\n<meta name=\"robots\" content=\"index, follow, max-snippet:-1, max-image-preview:large, max-video-preview:-1\" \/>\n<link rel=\"canonical\" href=\"https:\/\/www.d20boardgame.com\/en\/career\/\" \/>\n<meta property=\"og:locale\" content=\"en_US\" \/>\n<meta property=\"og:type\" content=\"article\" \/>\n<meta property=\"og:title\" content=\"Tuy\u1ec3n d\u1ee5ng - d20 Board Game\" \/>\n<meta property=\"og:description\" content=\"Game Master C\u00e1c b\u1ea1n c\u00f3 \u0111am m\u00ea ch\u01a1i board game? C\u00e1c b\u1ea1n \u0111ang c\u1ea7n ki\u1ebfm th\u00eam thu nh\u1eadp? C\u00e1c b\u1ea1n [&hellip;]\" \/>\n<meta property=\"og:url\" content=\"https:\/\/www.d20boardgame.com\/en\/career\/\" \/>\n<meta property=\"og:site_name\" content=\"d20 Board Game\" \/>\n<meta property=\"article:publisher\" content=\"https:\/\/www.facebook.com\/d20boardgame\" \/>\n<meta property=\"article:modified_time\" content=\"2020-09-22T08:05:36+00:00\" \/>\n<meta property=\"og:image\" content=\"https:\/\/www.d20boardgame.com\/wp-content\/uploads\/2020\/09\/thumbnail.jpg\" \/>\n\t<meta property=\"og:image:width\" content=\"1776\" \/>\n\t<meta property=\"og:image:height\" content=\"974\" \/>\n\t<meta property=\"og:image:type\" content=\"image\/jpeg\" \/>\n<meta name=\"twitter:card\" content=\"summary_large_image\" \/>\n<meta name=\"twitter:label1\" content=\"Est. reading time\" \/>\n\t<meta name=\"twitter:data1\" content=\"3 minutes\" \/>\n<script type=\"application\/ld+json\" class=\"yoast-schema-graph\">{\"@context\":\"https:\/\/schema.org\",\"@graph\":[{\"@type\":\"WebPage\",\"@id\":\"https:\/\/www.d20boardgame.com\/career\/\",\"url\":\"https:\/\/www.d20boardgame.com\/career\/\",\"name\":\"Tuy\u1ec3n d\u1ee5ng - d20 Board Game\",\"isPartOf\":{\"@id\":\"https:\/\/www.d20boardgame.com\/#website\"},\"datePublished\":\"2020-09-18T17:25:04+00:00\",\"dateModified\":\"2020-09-22T08:05:36+00:00\",\"breadcrumb\":{\"@id\":\"https:\/\/www.d20boardgame.com\/career\/#breadcrumb\"},\"inLanguage\":\"en-US\",\"potentialAction\":[{\"@type\":\"ReadAction\",\"target\":[\"https:\/\/www.d20boardgame.com\/career\/\"]}]},{\"@type\":\"BreadcrumbList\",\"@id\":\"https:\/\/www.d20boardgame.com\/career\/#breadcrumb\",\"itemListElement\":[{\"@type\":\"ListItem\",\"position\":1,\"name\":\"Home\",\"item\":\"https:\/\/www.d20boardgame.com\/\"},{\"@type\":\"ListItem\",\"position\":2,\"name\":\"Tuy\u1ec3n d\u1ee5ng\"}]},{\"@type\":\"WebSite\",\"@id\":\"https:\/\/www.d20boardgame.com\/#website\",\"url\":\"https:\/\/www.d20boardgame.com\/\",\"name\":\"d20 Board Game\",\"description\":\"For Boardgamers. By Boardgamers.\",\"publisher\":{\"@id\":\"https:\/\/www.d20boardgame.com\/#organization\"},\"potentialAction\":[{\"@type\":\"SearchAction\",\"target\":{\"@type\":\"EntryPoint\",\"urlTemplate\":\"https:\/\/www.d20boardgame.com\/?s={search_term_string}\"},\"query-input\":\"required name=search_term_string\"}],\"inLanguage\":\"en-US\"},{\"@type\":\"Organization\",\"@id\":\"https:\/\/www.d20boardgame.com\/#organization\",\"name\":\"d20 Board game\",\"url\":\"https:\/\/www.d20boardgame.com\/\",\"logo\":{\"@type\":\"ImageObject\",\"inLanguage\":\"en-US\",\"@id\":\"https:\/\/www.d20boardgame.com\/#\/schema\/logo\/image\/\",\"url\":\"https:\/\/www.d20boardgame.com\/wp-content\/uploads\/d20Logo\/logo-d20.png\",\"contentUrl\":\"https:\/\/www.d20boardgame.com\/wp-content\/uploads\/d20Logo\/logo-d20.png\",\"width\":2000,\"height\":2698,\"caption\":\"d20 Board game\"},\"image\":{\"@id\":\"https:\/\/www.d20boardgame.com\/#\/schema\/logo\/image\/\"},\"sameAs\":[\"https:\/\/www.facebook.com\/d20boardgame\",\"https:\/\/www.instagram.com\/d20_boardgame_cafe\/\",\"https:\/\/www.youtube.com\/channel\/UCqIRiYhgsnZ8vTRCSbM6pBA\"]}]}<\/script>\n<!-- \/ Yoast SEO plugin. -->","yoast_head_json":{"title":"Tuy\u1ec3n d\u1ee5ng - d20 Board Game","robots":{"index":"index","follow":"follow","max-snippet":"max-snippet:-1","max-image-preview":"max-image-preview:large","max-video-preview":"max-video-preview:-1"},"canonical":"https:\/\/www.d20boardgame.com\/en\/career\/","og_locale":"en_US","og_type":"article","og_title":"Tuy\u1ec3n d\u1ee5ng - d20 Board Game","og_description":"Game Master C\u00e1c b\u1ea1n c\u00f3 \u0111am m\u00ea ch\u01a1i board game? C\u00e1c b\u1ea1n \u0111ang c\u1ea7n ki\u1ebfm th\u00eam thu nh\u1eadp? C\u00e1c b\u1ea1n [&hellip;]","og_url":"https:\/\/www.d20boardgame.com\/en\/career\/","og_site_name":"d20 Board Game","article_publisher":"https:\/\/www.facebook.com\/d20boardgame","article_modified_time":"2020-09-22T08:05:36+00:00","og_image":[{"width":1776,"height":974,"url":"https:\/\/www.d20boardgame.com\/wp-content\/uploads\/2020\/09\/thumbnail.jpg","type":"image\/jpeg"}],"twitter_card":"summary_large_image","twitter_misc":{"Est. reading time":"3 minutes"},"schema":{"@context":"https:\/\/schema.org","@graph":[{"@type":"WebPage","@id":"https:\/\/www.d20boardgame.com\/career\/","url":"https:\/\/www.d20boardgame.com\/career\/","name":"Tuy\u1ec3n d\u1ee5ng - d20 Board Game","isPartOf":{"@id":"https:\/\/www.d20boardgame.com\/#website"},"datePublished":"2020-09-18T17:25:04+00:00","dateModified":"2020-09-22T08:05:36+00:00","breadcrumb":{"@id":"https:\/\/www.d20boardgame.com\/career\/#breadcrumb"},"inLanguage":"en-US","potentialAction":[{"@type":"ReadAction","target":["https:\/\/www.d20boardgame.com\/career\/"]}]},{"@type":"BreadcrumbList","@id":"https:\/\/www.d20boardgame.com\/career\/#breadcrumb","itemListElement":[{"@type":"ListItem","position":1,"name":"Home","item":"https:\/\/www.d20boardgame.com\/"},{"@type":"ListItem","position":2,"name":"Tuy\u1ec3n d\u1ee5ng"}]},{"@type":"WebSite","@id":"https:\/\/www.d20boardgame.com\/#website","url":"https:\/\/www.d20boardgame.com\/","name":"d20 Board Game","description":"For Boardgamers. By Boardgamers.","publisher":{"@id":"https:\/\/www.d20boardgame.com\/#organization"},"potentialAction":[{"@type":"SearchAction","target":{"@type":"EntryPoint","urlTemplate":"https:\/\/www.d20boardgame.com\/?s={search_term_string}"},"query-input":"required name=search_term_string"}],"inLanguage":"en-US"},{"@type":"Organization","@id":"https:\/\/www.d20boardgame.com\/#organization","name":"d20 Board game","url":"https:\/\/www.d20boardgame.com\/","logo":{"@type":"ImageObject","inLanguage":"en-US","@id":"https:\/\/www.d20boardgame.com\/#\/schema\/logo\/image\/","url":"https:\/\/www.d20boardgame.com\/wp-content\/uploads\/d20Logo\/logo-d20.png","contentUrl":"https:\/\/www.d20boardgame.com\/wp-content\/uploads\/d20Logo\/logo-d20.png","width":2000,"height":2698,"caption":"d20 Board game"},"image":{"@id":"https:\/\/www.d20boardgame.com\/#\/schema\/logo\/image\/"},"sameAs":["https:\/\/www.facebook.com\/d20boardgame","https:\/\/www.instagram.com\/d20_boardgame_cafe\/","https:\/\/www.youtube.com\/channel\/UCqIRiYhgsnZ8vTRCSbM6pBA"]}]}},"_links":{"self":[{"href":"https:\/\/www.d20boardgame.com\/en\/wp-json\/wp\/v2\/pages\/2381"}],"collection":[{"href":"https:\/\/www.d20boardgame.com\/en\/wp-json\/wp\/v2\/pages"}],"about":[{"href":"https:\/\/www.d20boardgame.com\/en\/wp-json\/wp\/v2\/types\/page"}],"author":[{"embeddable":true,"href":"https:\/\/www.d20boardgame.com\/en\/wp-json\/wp\/v2\/users\/1"}],"replies":[{"embeddable":true,"href":"https:\/\/www.d20boardgame.com\/en\/wp-json\/wp\/v2\/comments?post=2381"}],"version-history":[{"count":7,"href":"https:\/\/www.d20boardgame.com\/en\/wp-json\/wp\/v2\/pages\/2381\/revisions"}],"predecessor-version":[{"id":2779,"href":"https:\/\/www.d20boardgame.com\/en\/wp-json\/wp\/v2\/pages\/2381\/revisions\/2779"}],"wp:featuredmedia":[{"embeddable":true,"href":"https:\/\/www.d20boardgame.com\/en\/wp-json\/wp\/v2\/media\/2786"}],"wp:attachment":[{"href":"https:\/\/www.d20boardgame.com\/en\/wp-json\/wp\/v2\/media?parent=2381"}],"curies":[{"name":"wp","href":"https:\/\/api.w.org\/{rel}","templated":true}]}}